{"id":290,"date":"2025-12-15T04:33:44","date_gmt":"2025-12-15T03:33:44","guid":{"rendered":"https:\/\/upzone.webblix.se\/?page_id=290"},"modified":"2026-03-21T22:29:11","modified_gmt":"2026-03-21T21:29:11","slug":"sakerhet-utbildning","status":"publish","type":"page","link":"https:\/\/upzone.se\/en\/sakerhet-utbildning\/","title":{"rendered":"S\u00e4kerhet &amp; Utbildning"},"content":{"rendered":"\t\t<div data-elementor-type=\"wp-page\" data-elementor-id=\"290\" class=\"elementor elementor-290\" data-elementor-post-type=\"page\">\n\t\t\t\t<div class=\"elementor-element elementor-element-3319b2b e-con-full e-flex e-con e-parent\" data-id=\"3319b2b\" data-element_type=\"container\" data-e-type=\"container\" data-settings=\"{&quot;background_background&quot;:&quot;classic&quot;}\">\n\t\t<div class=\"elementor-element elementor-element-97107a6 e-con-full e-flex e-con e-child\" data-id=\"97107a6\" data-element_type=\"container\" data-e-type=\"container\">\n\t\t\t\t<div class=\"elementor-element elementor-element-76331df elementor-widget elementor-widget-heading\" data-id=\"76331df\" data-element_type=\"widget\" data-e-type=\"widget\" data-widget_type=\"heading.default\">\n\t\t\t\t\t<h2 class=\"elementor-heading-title elementor-size-default\">Upzone Academy<\/h2>\t\t\t\t<\/div>\n\t\t\t\t<div class=\"elementor-element elementor-element-9ff1ee7 elementor-widget elementor-widget-heading\" data-id=\"9ff1ee7\" data-element_type=\"widget\" data-e-type=\"widget\" data-widget_type=\"heading.default\">\n\t\t\t\t\t<h2 class=\"elementor-heading-title elementor-size-default\">Branschledande s\u00e4kerhet och utbildning<\/h2>\t\t\t\t<\/div>\n\t\t\t\t<div class=\"elementor-element elementor-element-511d4cb elementor-widget elementor-widget-button\" data-id=\"511d4cb\" data-element_type=\"widget\" data-e-type=\"widget\" data-widget_type=\"button.default\">\n\t\t\t\t\t\t\t\t\t\t<a class=\"elementor-button elementor-button-link elementor-size-sm elementor-animation-sink\" href=\"https:\/\/upzone.se\/aktivitetskatalog\/\">\n\t\t\t\t\t\t<span class=\"elementor-button-content-wrapper\">\n\t\t\t\t\t\t\t\t\t<span class=\"elementor-button-text\">Boka ditt \u00e4ventyr<\/span>\n\t\t\t\t\t<\/span>\n\t\t\t\t\t<\/a>\n\t\t\t\t\t\t\t\t<\/div>\n\t\t\t\t<\/div>\n\t\t\t\t<\/div>\n\t\t<div class=\"elementor-element elementor-element-810efe8 e-flex e-con-boxed e-con e-parent\" data-id=\"810efe8\" data-element_type=\"container\" data-e-type=\"container\">\n\t\t\t\t\t<div class=\"e-con-inner\">\n\t\t<div class=\"elementor-element elementor-element-5f9a214 e-con-full e-flex e-con e-child\" data-id=\"5f9a214\" data-element_type=\"container\" data-e-type=\"container\">\n\t\t\t\t<div class=\"elementor-element elementor-element-a247bd0 elementor-widget elementor-widget-heading\" data-id=\"a247bd0\" data-element_type=\"widget\" data-e-type=\"widget\" data-widget_type=\"heading.default\">\n\t\t\t\t\t<h2 class=\"elementor-heading-title elementor-size-default\">Upzone Academy<\/h2>\t\t\t\t<\/div>\n\t\t\t\t<\/div>\n\t\t<div class=\"elementor-element elementor-element-2e88cf3 e-con-full e-flex e-con e-child\" data-id=\"2e88cf3\" data-element_type=\"container\" data-e-type=\"container\">\n\t\t\t\t<div class=\"elementor-element elementor-element-16185ce elementor-widget elementor-widget-text-editor\" data-id=\"16185ce\" data-element_type=\"widget\" data-e-type=\"widget\" data-widget_type=\"text-editor.default\">\n\t\t\t\t\t\t\t\t\t<p>S\u00e4kerhet sitter i b\u00e5de utrustningen och m\u00e4nniskorna som anv\u00e4nder den. D\u00e4rf\u00f6r driver vi <strong>Upzone Academy<\/strong>, en certifierad utbildningsakademi f\u00f6r \u00e4ventyrsparker.<\/p><p>Sedan 2016 \u00e4r vi <strong>IAPA Academy Sweden<\/strong> \u2013 utbildningsakademi inom International Adventure Park Association (IAPA).<\/p><ul><li>Alla v\u00e5ra instrukt\u00f6rer utbildas enligt IAPAs standarder<\/li><li>Vi erbjuder vidareutbildningar f\u00f6r andra parker och akt\u00f6rer i branschen<\/li><\/ul>\t\t\t\t\t\t\t\t<\/div>\n\t\t\t\t<\/div>\n\t\t\t\t\t<\/div>\n\t\t\t\t<\/div>\n\t\t<div class=\"elementor-element elementor-element-08896a8 e-con-full e-flex e-con e-parent\" data-id=\"08896a8\" data-element_type=\"container\" data-e-type=\"container\">\n\t\t<div class=\"elementor-element elementor-element-abaa50f e-con-full e-flex e-con e-child\" data-id=\"abaa50f\" data-element_type=\"container\" data-e-type=\"container\">\n\t\t\t\t<div class=\"elementor-element elementor-element-130a144 elementor-widget elementor-widget-heading\" data-id=\"130a144\" data-element_type=\"widget\" data-e-type=\"widget\" data-widget_type=\"heading.default\">\n\t\t\t\t\t<h2 class=\"elementor-heading-title elementor-size-default\">\u00c4ventyrsguide f\u00f6r \u00e4ventyrspark<\/h2>\t\t\t\t<\/div>\n\t\t\t\t<div class=\"elementor-element elementor-element-02b515a elementor-widget elementor-widget-text-editor\" data-id=\"02b515a\" data-element_type=\"widget\" data-e-type=\"widget\" data-widget_type=\"text-editor.default\">\n\t\t\t\t\t\t\t\t\t<p>L\u00e4r dig grunderna f\u00f6r att arbeta som instrukt\u00f6r i en \u00e4ventyrspark.<\/p><p>Du f\u00e5r kunskap i s\u00e4kerhetsrutiner, g\u00e4stbem\u00f6tande och hur du instruerar och coachar g\u00e4ster i banan.<\/p><p><strong>F\u00f6rkunskapskrav:<\/strong><\/p><ul><li>Minst 16 \u00e5r<\/li><li>God fysisk och mental h\u00e4lsa<\/li><\/ul>\t\t\t\t\t\t\t\t<\/div>\n\t\t\t\t<\/div>\n\t\t<div class=\"elementor-element elementor-element-0bb8c02 e-con-full e-flex e-con e-child\" data-id=\"0bb8c02\" data-element_type=\"container\" data-e-type=\"container\" data-settings=\"{&quot;background_background&quot;:&quot;classic&quot;}\">\n\t\t\t\t<\/div>\n\t\t\t\t<\/div>\n\t\t<div class=\"elementor-element elementor-element-4689748 e-con-full e-flex e-con e-parent\" data-id=\"4689748\" data-element_type=\"container\" data-e-type=\"container\">\n\t\t<div class=\"elementor-element elementor-element-e83048f e-con-full e-flex e-con e-child\" data-id=\"e83048f\" data-element_type=\"container\" data-e-type=\"container\">\n\t\t\t\t<div class=\"elementor-element elementor-element-1868656 elementor-widget elementor-widget-heading\" data-id=\"1868656\" data-element_type=\"widget\" data-e-type=\"widget\" data-widget_type=\"heading.default\">\n\t\t\t\t\t<h2 class=\"elementor-heading-title elementor-size-default\">\u00c4ventyrsguide med r\u00e4ddningsansvar<\/h2>\t\t\t\t<\/div>\n\t\t\t\t<div class=\"elementor-element elementor-element-2c3a6bb elementor-widget elementor-widget-text-editor\" data-id=\"2c3a6bb\" data-element_type=\"widget\" data-e-type=\"widget\" data-widget_type=\"text-editor.default\">\n\t\t\t\t\t\t\t\t\t<p>F\u00f6rdjupning f\u00f6r dig som ska kunna assistera och r\u00e4dda g\u00e4ster uppe i banan.<\/p><p>Fokus p\u00e5 praktiskt r\u00e4ddningsarbete, evakueringar och att hantera pressade situationer med lugn och trygghet.<\/p><p><strong>F\u00f6rkunskapskrav:<\/strong><\/p><ul><li>Minst 18 \u00e5r<\/li><li>IAPA \u00c4ventyrsguide (eller likv\u00e4rdig utbildning)<\/li><\/ul>\t\t\t\t\t\t\t\t<\/div>\n\t\t\t\t<\/div>\n\t\t<div class=\"elementor-element elementor-element-2200942 e-con-full e-flex e-con e-child\" data-id=\"2200942\" data-element_type=\"container\" data-e-type=\"container\" data-settings=\"{&quot;background_background&quot;:&quot;classic&quot;}\">\n\t\t\t\t<\/div>\n\t\t\t\t<\/div>\n\t\t<div class=\"elementor-element elementor-element-dcc4f79 e-con-full e-flex e-con e-parent\" data-id=\"dcc4f79\" data-element_type=\"container\" data-e-type=\"container\">\n\t\t<div class=\"elementor-element elementor-element-b65acc1 e-con-full e-flex e-con e-child\" data-id=\"b65acc1\" data-element_type=\"container\" data-e-type=\"container\">\n\t\t\t\t<div class=\"elementor-element elementor-element-b294adb elementor-widget elementor-widget-heading\" data-id=\"b294adb\" data-element_type=\"widget\" data-e-type=\"widget\" data-widget_type=\"heading.default\">\n\t\t\t\t\t<h2 class=\"elementor-heading-title elementor-size-default\">Trainer for Adventure Park<\/h2>\t\t\t\t<\/div>\n\t\t\t\t<div class=\"elementor-element elementor-element-21b8ce4 elementor-widget elementor-widget-text-editor\" data-id=\"21b8ce4\" data-element_type=\"widget\" data-e-type=\"widget\" data-widget_type=\"text-editor.default\">\n\t\t\t\t\t\t\t\t\t<p>F\u00f6r erfarna guider med r\u00e4ddningsansvar som vill utbilda andra.<\/p><p>Du f\u00e5r omfattande kompetens inom alla delar av drift, s\u00e4kerhet och utbildning i \u00e4ventyrsparker.<\/p><p><strong>F\u00f6rkunskapskrav (exempelvis):<\/strong><\/p><ul><li>Minst 21 \u00e5r<\/li><li>Minst 1 \u00e5rs erfarenhet som r\u00e4ddningsansvarig<\/li><li>G41 \u2013 tillst\u00e5nd f\u00f6r arbete p\u00e5 h\u00f6g h\u00f6jd<\/li><\/ul>\t\t\t\t\t\t\t\t<\/div>\n\t\t\t\t<\/div>\n\t\t<div class=\"elementor-element elementor-element-ada6a47 e-con-full e-flex e-con e-child\" data-id=\"ada6a47\" data-element_type=\"container\" data-e-type=\"container\" data-settings=\"{&quot;background_background&quot;:&quot;classic&quot;}\">\n\t\t\t\t<\/div>\n\t\t\t\t<\/div>\n\t\t<div class=\"elementor-element elementor-element-f15758d e-con-full e-flex e-con e-parent\" data-id=\"f15758d\" data-element_type=\"container\" data-e-type=\"container\">\n\t\t<div class=\"elementor-element elementor-element-42cc974 e-con-full e-flex e-con e-child\" data-id=\"42cc974\" data-element_type=\"container\" data-e-type=\"container\">\n\t\t\t\t<div class=\"elementor-element elementor-element-c531f8e elementor-widget elementor-widget-heading\" data-id=\"c531f8e\" data-element_type=\"widget\" data-e-type=\"widget\" data-widget_type=\"heading.default\">\n\t\t\t\t\t<h2 class=\"elementor-heading-title elementor-size-default\">Safety Manager for Adventure Park<\/h2>\t\t\t\t<\/div>\n\t\t\t\t<div class=\"elementor-element elementor-element-f0f16ce elementor-widget elementor-widget-text-editor\" data-id=\"f0f16ce\" data-element_type=\"widget\" data-e-type=\"widget\" data-widget_type=\"text-editor.default\">\n\t\t\t\t\t\t\t\t\t<p>Utbildning f\u00f6r dig som ska ta helhetsansvaret f\u00f6r s\u00e4kerheten i parken.<\/p><p>H\u00e4r g\u00e5r vi igenom allt fr\u00e5n tr\u00e4d- och v\u00e4derk\u00e4nnedom till normer, riktlinjer och s\u00e4kerhetsrutiner.<\/p>\t\t\t\t\t\t\t\t<\/div>\n\t\t\t\t<\/div>\n\t\t<div class=\"elementor-element elementor-element-622dfaa e-con-full e-flex e-con e-child\" data-id=\"622dfaa\" data-element_type=\"container\" data-e-type=\"container\" data-settings=\"{&quot;background_background&quot;:&quot;classic&quot;}\">\n\t\t\t\t<\/div>\n\t\t\t\t<\/div>\n\t\t<div class=\"elementor-element elementor-element-4cb0bb0 e-flex e-con-boxed e-con e-parent\" data-id=\"4cb0bb0\" data-element_type=\"container\" data-e-type=\"container\">\n\t\t\t\t\t<div class=\"e-con-inner\">\n\t\t<div class=\"elementor-element elementor-element-43d0a54 e-con-full e-flex e-con e-child\" data-id=\"43d0a54\" data-element_type=\"container\" data-e-type=\"container\">\n\t\t\t\t<div class=\"elementor-element elementor-element-d01acdb elementor-widget elementor-widget-heading\" data-id=\"d01acdb\" data-element_type=\"widget\" data-e-type=\"widget\" data-widget_type=\"heading.default\">\n\t\t\t\t\t<h2 class=\"elementor-heading-title elementor-size-default\">Vill du veta mer?<\/h2>\t\t\t\t<\/div>\n\t\t\t\t<\/div>\n\t\t<div class=\"elementor-element elementor-element-d46d988 e-con-full e-flex e-con e-child\" data-id=\"d46d988\" data-element_type=\"container\" data-e-type=\"container\">\n\t\t\t\t<div class=\"elementor-element elementor-element-0900061 elementor-widget elementor-widget-text-editor\" data-id=\"0900061\" data-element_type=\"widget\" data-e-type=\"widget\" data-widget_type=\"text-editor.default\">\n\t\t\t\t\t\t\t\t\t<p><strong>\u00c4r du intresserad av att utbilda dig eller ditt team?<\/strong> Kontakta oss p\u00e5 <a href=\"mailto:boka@upzone.se\">boka@upzone.se<\/a> eller fyll i formul\u00e4ret nedan s\u00e5 ber\u00e4ttar vi mer.<\/p>\t\t\t\t\t\t\t\t<\/div>\n\t\t\t\t<div class=\"elementor-element elementor-element-d950526 elementor-button-align-stretch elementor-widget elementor-widget-form\" data-id=\"d950526\" data-element_type=\"widget\" data-e-type=\"widget\" data-settings=\"{&quot;step_next_label&quot;:&quot;N\\u00e4sta&quot;,&quot;step_previous_label&quot;:&quot;F\\u00f6reg\\u00e5ende&quot;,&quot;button_width&quot;:&quot;100&quot;,&quot;step_type&quot;:&quot;number_text&quot;,&quot;step_icon_shape&quot;:&quot;circle&quot;}\" data-widget_type=\"form.default\">\n\t\t\t\t\t\t\t<form class=\"elementor-form\" method=\"post\" name=\"Nytt formul\u00e4r\" aria-label=\"Nytt formul\u00e4r\">\n\t\t\t<input type=\"hidden\" name=\"post_id\" value=\"290\"\/>\n\t\t\t<input type=\"hidden\" name=\"form_id\" value=\"d950526\"\/>\n\t\t\t<input type=\"hidden\" name=\"referer_title\" value=\"S\u00e4kerhet &amp; Utbildning\" \/>\n\n\t\t\t\t\t\t\t<input type=\"hidden\" name=\"queried_id\" value=\"290\"\/>\n\t\t\t\n\t\t\t<div class=\"elementor-form-fields-wrapper elementor-labels-\">\n\t\t\t\t\t\t\t\t<div class=\"elementor-field-type-text elementor-field-group elementor-column elementor-field-group-name elementor-col-50 elementor-field-required\">\n\t\t\t\t\t\t\t\t\t\t\t\t<label for=\"form-field-name\" class=\"elementor-field-label elementor-screen-only\">\n\t\t\t\t\t\t\t\tF\u00f6r- & Efternamn\t\t\t\t\t\t\t<\/label>\n\t\t\t\t\t\t\t\t\t\t\t\t\t\t<input size=\"1\" type=\"text\" name=\"form_fields[name]\" id=\"form-field-name\" class=\"elementor-field elementor-size-md  elementor-field-textual\" placeholder=\"F\u00f6r- &amp; Efternamn\" required=\"required\">\n\t\t\t\t\t\t\t\t\t\t\t<\/div>\n\t\t\t\t\t\t\t\t<div class=\"elementor-field-type-email elementor-field-group elementor-column elementor-field-group-email elementor-col-50 elementor-field-required\">\n\t\t\t\t\t\t\t\t\t\t\t\t<label for=\"form-field-email\" class=\"elementor-field-label elementor-screen-only\">\n\t\t\t\t\t\t\t\tE-post\t\t\t\t\t\t\t<\/label>\n\t\t\t\t\t\t\t\t\t\t\t\t\t\t<input size=\"1\" type=\"email\" name=\"form_fields[email]\" id=\"form-field-email\" class=\"elementor-field elementor-size-md  elementor-field-textual\" placeholder=\"E-post\" required=\"required\">\n\t\t\t\t\t\t\t\t\t\t\t<\/div>\n\t\t\t\t\t\t\t\t<div class=\"elementor-field-type-text elementor-field-group elementor-column elementor-field-group-field_39090e7 elementor-col-50\">\n\t\t\t\t\t\t\t\t\t\t\t\t<label for=\"form-field-field_39090e7\" class=\"elementor-field-label elementor-screen-only\">\n\t\t\t\t\t\t\t\tTelefon\t\t\t\t\t\t\t<\/label>\n\t\t\t\t\t\t\t\t\t\t\t\t\t\t<input size=\"1\" type=\"text\" name=\"form_fields[field_39090e7]\" id=\"form-field-field_39090e7\" class=\"elementor-field elementor-size-md  elementor-field-textual\" placeholder=\"Telefon\">\n\t\t\t\t\t\t\t\t\t\t\t<\/div>\n\t\t\t\t\t\t\t\t<div class=\"elementor-field-type-text elementor-field-group elementor-column elementor-field-group-field_e6ceadf elementor-col-50\">\n\t\t\t\t\t\t\t\t\t\t\t\t<label for=\"form-field-field_e6ceadf\" class=\"elementor-field-label elementor-screen-only\">\n\t\t\t\t\t\t\t\tEv. F\u00f6retagsnamn\t\t\t\t\t\t\t<\/label>\n\t\t\t\t\t\t\t\t\t\t\t\t\t\t<input size=\"1\" type=\"text\" name=\"form_fields[field_e6ceadf]\" id=\"form-field-field_e6ceadf\" class=\"elementor-field elementor-size-md  elementor-field-textual\" placeholder=\"Ev. F\u00f6retagsnamn\">\n\t\t\t\t\t\t\t\t\t\t\t<\/div>\n\t\t\t\t\t\t\t\t<div class=\"elementor-field-type-textarea elementor-field-group elementor-column elementor-field-group-message elementor-col-100\">\n\t\t\t\t\t\t\t\t\t\t\t\t<label for=\"form-field-message\" class=\"elementor-field-label elementor-screen-only\">\n\t\t\t\t\t\t\t\tMeddelande\t\t\t\t\t\t\t<\/label>\n\t\t\t\t\t\t<textarea class=\"elementor-field-textual elementor-field  elementor-size-md\" name=\"form_fields[message]\" id=\"form-field-message\" rows=\"4\" placeholder=\"Skriv ditt meddelande h\u00e4r...\"><\/textarea>\t\t\t\t<\/div>\n\t\t\t\t\t\t\t\t<div class=\"elementor-field-type-recaptcha_v3 elementor-field-group elementor-column elementor-field-group-field_ac752a4 elementor-col-100 recaptcha_v3-bottomright\">\n\t\t\t\t\t<div class=\"elementor-field\" id=\"form-field-field_ac752a4\"><div class=\"elementor-g-recaptcha\" data-sitekey=\"6LcFxZIsAAAAAFcWHssM-ycyayN1hkWhIfkT33aM\" data-type=\"v3\" data-action=\"Form\" data-badge=\"bottomright\" data-size=\"invisible\"><\/div><\/div>\t\t\t\t<\/div>\n\t\t\t\t\t\t\t\t<div class=\"elementor-field-group elementor-column elementor-field-type-submit elementor-col-100 e-form__buttons\">\n\t\t\t\t\t<button class=\"elementor-button elementor-size-md\" type=\"submit\">\n\t\t\t\t\t\t<span class=\"elementor-button-content-wrapper\">\n\t\t\t\t\t\t\t\t\t\t\t\t\t\t\t\t\t\t\t\t\t\t<span class=\"elementor-button-text\">Skicka meddelande<\/span>\n\t\t\t\t\t\t\t\t\t\t\t\t\t<\/span>\n\t\t\t\t\t<\/button>\n\t\t\t\t<\/div>\n\t\t\t<\/div>\n\t\t<\/form>\n\t\t\t\t\t\t<\/div>\n\t\t\t\t<\/div>\n\t\t\t\t\t<\/div>\n\t\t\t\t<\/div>\n\t\t\t\t<\/div>\n\t\t","protected":false},"excerpt":{"rendered":"<p>Upzone Academy Branschledande s\u00e4kerhet och utbildning Boka ditt \u00e4ventyr Upzone Academy S\u00e4kerhet sitter i b\u00e5de utrustningen och m\u00e4nniskorna som anv\u00e4nder den. D\u00e4rf\u00f6r driver vi Upzone Academy, en certifierad utbildningsakademi f\u00f6r \u00e4ventyrsparker. Sedan 2016 \u00e4r vi IAPA Academy Sweden \u2013 utbildningsakademi inom International Adventure Park Association (IAPA). Alla v\u00e5ra instrukt\u00f6rer utbildas enligt IAPAs standarder Vi erbjuder [&hellip;]<\/p>\n","protected":false},"author":1,"featured_media":0,"parent":0,"menu_order":0,"comment_status":"closed","ping_status":"closed","template":"","meta":{"_seopress_robots_primary_cat":"","_seopress_titles_title":"Utbildning f\u00f6r \u00e4ventyrsparker & personal | Upzone \u00c4ventyrspark","_seopress_titles_desc":"Upzone erbjuder utbildning inom s\u00e4kerhet och drift av \u00e4ventyrsparker. Vi utbildar personal i rutiner, utrustning och arbetss\u00e4tt f\u00f6r en trygg och professionell verksamhet.","_seopress_robots_index":"","footnotes":""},"class_list":["post-290","page","type-page","status-publish","hentry"],"_links":{"self":[{"href":"https:\/\/upzone.se\/en\/wp-json\/wp\/v2\/pages\/290","targetHints":{"allow":["GET"]}}],"collection":[{"href":"https:\/\/upzone.se\/en\/wp-json\/wp\/v2\/pages"}],"about":[{"href":"https:\/\/upzone.se\/en\/wp-json\/wp\/v2\/types\/page"}],"author":[{"embeddable":true,"href":"https:\/\/upzone.se\/en\/wp-json\/wp\/v2\/users\/1"}],"replies":[{"embeddable":true,"href":"https:\/\/upzone.se\/en\/wp-json\/wp\/v2\/comments?post=290"}],"version-history":[{"count":38,"href":"https:\/\/upzone.se\/en\/wp-json\/wp\/v2\/pages\/290\/revisions"}],"predecessor-version":[{"id":7227,"href":"https:\/\/upzone.se\/en\/wp-json\/wp\/v2\/pages\/290\/revisions\/7227"}],"wp:attachment":[{"href":"https:\/\/upzone.se\/en\/wp-json\/wp\/v2\/media?parent=290"}],"curies":[{"name":"wp","href":"https:\/\/api.w.org\/{rel}","templated":true}]}}