{"id":238,"date":"2025-12-15T03:55:12","date_gmt":"2025-12-15T02:55:12","guid":{"rendered":"https:\/\/upzone.webblix.se\/?page_id=238"},"modified":"2026-04-10T10:13:41","modified_gmt":"2026-04-10T08:13:41","slug":"bokningsvillkor","status":"publish","type":"page","link":"https:\/\/upzone.se\/en\/bokningsvillkor\/","title":{"rendered":"Bokningsvillkor"},"content":{"rendered":"\t\t<div data-elementor-type=\"wp-page\" data-elementor-id=\"238\" class=\"elementor elementor-238\" data-elementor-post-type=\"page\">\n\t\t\t\t<div class=\"elementor-element elementor-element-12ac97a e-flex e-con-boxed e-con e-parent\" data-id=\"12ac97a\" data-element_type=\"container\" data-e-type=\"container\" data-settings=\"{&quot;background_background&quot;:&quot;classic&quot;}\">\n\t\t\t\t\t<div class=\"e-con-inner\">\n\t\t\t\t<div class=\"elementor-element elementor-element-8d882b8 elementor-widget elementor-widget-heading\" data-id=\"8d882b8\" data-element_type=\"widget\" data-e-type=\"widget\" data-widget_type=\"heading.default\">\n\t\t\t\t\t<h2 class=\"elementor-heading-title elementor-size-default\">Bokningsvillkor<\/h2>\t\t\t\t<\/div>\n\t\t\t\t\t<\/div>\n\t\t\t\t<\/div>\n\t\t<div class=\"elementor-element elementor-element-d352b33 e-flex e-con-boxed e-con e-parent\" data-id=\"d352b33\" data-element_type=\"container\" data-e-type=\"container\">\n\t\t\t\t\t<div class=\"e-con-inner\">\n\t\t\t\t<div class=\"elementor-element elementor-element-7b63861 elementor-widget elementor-widget-n-accordion\" data-id=\"7b63861\" data-element_type=\"widget\" data-e-type=\"widget\" data-settings=\"{&quot;default_state&quot;:&quot;all_collapsed&quot;,&quot;max_items_expended&quot;:&quot;one&quot;,&quot;n_accordion_animation_duration&quot;:{&quot;unit&quot;:&quot;ms&quot;,&quot;size&quot;:400,&quot;sizes&quot;:[]}}\" data-widget_type=\"nested-accordion.default\">\n\t\t\t\t\t\t\t<div class=\"e-n-accordion\" aria-label=\"Accordion. Open links with Enter or Space, close with Escape, and navigate with Arrow Keys\">\n\t\t\t\t\t\t<details id=\"e-n-accordion-item-1290\" class=\"e-n-accordion-item\" >\n\t\t\t\t<summary class=\"e-n-accordion-item-title\" data-accordion-index=\"1\" tabindex=\"0\" aria-expanded=\"false\" aria-controls=\"e-n-accordion-item-1290\" >\n\t\t\t\t\t<span class='e-n-accordion-item-title-header'><div class=\"e-n-accordion-item-title-text\"> Villkor f\u00f6r bokning <\/div><\/span>\n\t\t\t\t\t\t\t<span class='e-n-accordion-item-title-icon'>\n\t\t\t<span class='e-opened' ><svg aria-hidden=\"true\" class=\"e-font-icon-svg e-fas-minus\" viewBox=\"0 0 448 512\" xmlns=\"http:\/\/www.w3.org\/2000\/svg\"><path d=\"M416 208H32c-17.67 0-32 14.33-32 32v32c0 17.67 14.33 32 32 32h384c17.67 0 32-14.33 32-32v-32c0-17.67-14.33-32-32-32z\"><\/path><\/svg><\/span>\n\t\t\t<span class='e-closed'><svg aria-hidden=\"true\" class=\"e-font-icon-svg e-fas-plus\" viewBox=\"0 0 448 512\" xmlns=\"http:\/\/www.w3.org\/2000\/svg\"><path d=\"M416 208H272V64c0-17.67-14.33-32-32-32h-32c-17.67 0-32 14.33-32 32v144H32c-17.67 0-32 14.33-32 32v32c0 17.67 14.33 32 32 32h144v144c0 17.67 14.33 32 32 32h32c17.67 0 32-14.33 32-32V304h144c17.67 0 32-14.33 32-32v-32c0-17.67-14.33-32-32-32z\"><\/path><\/svg><\/span>\n\t\t<\/span>\n\n\t\t\t\t\t\t<\/summary>\n\t\t\t\t<div role=\"region\" aria-labelledby=\"e-n-accordion-item-1290\" class=\"elementor-element elementor-element-35532ca e-con-full e-flex e-con e-child\" data-id=\"35532ca\" data-element_type=\"container\" data-e-type=\"container\">\n\t\t\t\t<div class=\"elementor-element elementor-element-a54f1a1 elementor-widget elementor-widget-heading\" data-id=\"a54f1a1\" data-element_type=\"widget\" data-e-type=\"widget\" data-widget_type=\"heading.default\">\n\t\t\t\t\t<h2 class=\"elementor-heading-title elementor-size-default\">Villkor vid bokning av aktivitet<\/h2>\t\t\t\t<\/div>\n\t\t\t\t<div class=\"elementor-element elementor-element-8d65bb8 elementor-widget elementor-widget-text-editor\" data-id=\"8d65bb8\" data-element_type=\"widget\" data-e-type=\"widget\" data-widget_type=\"text-editor.default\">\n\t\t\t\t\t\t\t\t\t<p><span style=\"font-family: -apple-system, BlinkMacSystemFont, 'Segoe UI', Roboto, 'Helvetica Neue', Arial, 'Noto Sans', sans-serif, 'Apple Color Emoji', 'Segoe UI Emoji', 'Segoe UI Symbol', 'Noto Color Emoji';\">F\u00f6r att boka m\u00e5ste du ha fyllt 18 \u00e5r eller ha m\u00e5lsmans godk\u00e4nnande f\u00f6r att kunna genomf\u00f6ra aktiviteten.<\/span><\/p><div><p>Det \u00e4r viktigt att du \u00e4r inf\u00f6rst\u00e5dd med v\u00e5ra l\u00e4ngd- och s\u00e4kerhetsregler. Vid bokning beh\u00f6ver en plats bokas f\u00f6r varje person som ska kl\u00e4ttra enligt den l\u00e4ngdkategori man tillh\u00f6r.<\/p><p><strong>Ingen \u00e5ngerr\u00e4tt g\u00e4ller vid bokning av aktivitet n\u00e4r du bokar din aktivitet n\u00e4ra inp\u00e5 vald dag (senast 2 dagar innan).<\/strong><\/p><p><strong>OBS! Alla f\u00f6retag betalar exklusive moms. Har er bokningsf\u00f6rfr\u00e5gan inte r\u00e4tt priss\u00e4ttning kommer detta att justeras innan bokningen blir bekr\u00e4ftad.<\/strong><\/p><\/div>\t\t\t\t\t\t\t\t<\/div>\n\t\t\t\t<div class=\"elementor-element elementor-element-a3e3d96 elementor-widget elementor-widget-heading\" data-id=\"a3e3d96\" data-element_type=\"widget\" data-e-type=\"widget\" data-widget_type=\"heading.default\">\n\t\t\t\t\t<h2 class=\"elementor-heading-title elementor-size-default\">Avboka\/omboka<\/h2>\t\t\t\t<\/div>\n\t\t\t\t<div class=\"elementor-element elementor-element-b2b38a0 elementor-widget elementor-widget-text-editor\" data-id=\"b2b38a0\" data-element_type=\"widget\" data-e-type=\"widget\" data-widget_type=\"text-editor.default\">\n\t\t\t\t\t\t\t\t\t<p>Avbokning\/ombokning av hela aktiviteten ska g\u00f6ras senast 14 dagar f\u00f6re bokat datum. Enstaka platser kan avbokas upp till 5 dagar innan aktiviteten genomf\u00f6rs, mejla d\u00e5 till boka@upzone.se<\/p>\n<p><em>*Platser som avbokas\/ombokas senare \u00e4n 5 dagar innan aktiviteten \u00e5terbetalas ej.<\/em><\/p>\n<p>Avbokning\/Ombokning sker via mejl till&nbsp;<a href=\"mailto:boka@upzone.se\">boka@upzone.se.<\/a>&nbsp;Det \u00e4r ett m\u00e5ste att du f\u00e5r det bekr\u00e4ftat av oss att avbokningen \u00e4r genomf\u00f6rd.<\/p>\n<p><strong>Tips!<\/strong>&nbsp;N\u00e4r du bokar kan du l\u00e4gga till ett ut\u00f6kat ombokningskydd. D\u00e5 kan du boka om aktiviteten fram till 6 timmar f\u00f6re bokad tid.<\/p>\t\t\t\t\t\t\t\t<\/div>\n\t\t\t\t<div class=\"elementor-element elementor-element-23efcb1 elementor-widget elementor-widget-heading\" data-id=\"23efcb1\" data-element_type=\"widget\" data-e-type=\"widget\" data-widget_type=\"heading.default\">\n\t\t\t\t\t<h2 class=\"elementor-heading-title elementor-size-default\">Barnkalas - Bokningsvillkor<\/h2>\t\t\t\t<\/div>\n\t\t\t\t<div class=\"elementor-element elementor-element-43de018 elementor-widget elementor-widget-text-editor\" data-id=\"43de018\" data-element_type=\"widget\" data-e-type=\"widget\" data-widget_type=\"text-editor.default\">\n\t\t\t\t\t\t\t\t\t<p>Det g\u00e5r bra att \u00e4ndra antal kl\u00e4ttrande barn fram till senast 7 dagar innan bokat datum.<\/p><p>Avbokning\/Ombokning senast 7 dagar f\u00f6re bokat datum, detta sker via mejl till\u00a0<a href=\"mailto:boka@upzone.se\">boka@upzone.se<\/a>. Det \u00e4r ett m\u00e5ste att du f\u00e5r det bekr\u00e4ftat av oss att avbokningen \u00e4r genomf\u00f6rd.<\/p><p><strong>Betalningen kan ni g\u00f6ra senast 7 dagar innan bokat datum.<\/strong><\/p>\t\t\t\t\t\t\t\t<\/div>\n\t\t\t\t<div class=\"elementor-element elementor-element-fe16bfa elementor-widget elementor-widget-heading\" data-id=\"fe16bfa\" data-element_type=\"widget\" data-e-type=\"widget\" data-widget_type=\"heading.default\">\n\t\t\t\t\t<h2 class=\"elementor-heading-title elementor-size-default\">Escape Games &amp; Teamaktiviteter<\/h2>\t\t\t\t<\/div>\n\t\t\t\t<div class=\"elementor-element elementor-element-803d287 elementor-widget elementor-widget-text-editor\" data-id=\"803d287\" data-element_type=\"widget\" data-e-type=\"widget\" data-widget_type=\"text-editor.default\">\n\t\t\t\t\t\t\t\t\t<p>Avbokning\/ombokning av hela aktiviteten eller enstaka platser m\u00e5ste g\u00f6ras senast 14 dagar f\u00f6re bokad aktivitet, oavsett antal deltagare. Platser som avbokas senare \u00e4n 14 dagar innan aktiviteten \u00e5terbetalas ej.<\/p><p><em>*Om det \u00e4r mindre \u00e4n 14 dagar kvar till er aktivitet, har ni dock m\u00f6jlighet att g\u00f6ra en ombokning f\u00f6r en kostnad p\u00e5 2000:-<\/em><\/p><p>Avbokning\/Ombokning sker via mejl till\u00a0<a href=\"mailto:boka@upzone.se\">boka@upzone.se.<\/a>\u00a0Det \u00e4r ett m\u00e5ste att du f\u00e5r det bekr\u00e4ftat av oss att avbokningen \u00e4r genomf\u00f6rd.<\/p>\t\t\t\t\t\t\t\t<\/div>\n\t\t\t\t<div class=\"elementor-element elementor-element-366b077 elementor-widget elementor-widget-heading\" data-id=\"366b077\" data-element_type=\"widget\" data-e-type=\"widget\" data-widget_type=\"heading.default\">\n\t\t\t\t\t<h2 class=\"elementor-heading-title elementor-size-default\">Avbokning pga v\u00e4derf\u00f6rh\u00e5llande<\/h2>\t\t\t\t<\/div>\n\t\t\t\t<div class=\"elementor-element elementor-element-9e7a567 elementor-widget elementor-widget-text-editor\" data-id=\"9e7a567\" data-element_type=\"widget\" data-e-type=\"widget\" data-widget_type=\"text-editor.default\">\n\t\t\t\t\t\t\t\t\t<p>Det g\u00e5r fortfarande bra att kl\u00e4ttra \u00e4ven om det regnar. Ta med er kl\u00e4der efter v\u00e4der.<\/p><p>Skulle det b\u00f6rja \u00e5ska och bli en s\u00e4kerhetsrisk kan vi beh\u00f6va pausa eller st\u00e4lla in aktiviteten. Detta \u00e4r en bed\u00f6mning som personalen beh\u00f6ver g\u00f6ra p\u00e5 plats samma dag. Oftast kan vi pausa kl\u00e4ttringen till exempel 30 minuter, f\u00f6r att sedan forts\u00e4tta n\u00e4r \u00e5skan dragit vidare. Ni f\u00e5r d\u00e5 sj\u00e4lvklart den pausade tiden tillagd p\u00e5 er tid. Skulle vi beh\u00f6va st\u00e4nga helt och h\u00e5llet h\u00f6r vi av oss s\u00e5 fort vi kan till er som bokat, och ni f\u00e5r d\u00e5 komma en annan dag ist\u00e4llet. Kan ni inte boka om till en annan dag f\u00e5r ni bokningen \u00e5terbetalad i form av presentkort, s\u00e5 ni kan bes\u00f6ka oss vid senare tillf\u00e4lle.<\/p>\t\t\t\t\t\t\t\t<\/div>\n\t\t\t\t<\/div>\n\t\t\t\t\t<\/details>\n\t\t\t\t\t\t<details id=\"e-n-accordion-item-1291\" class=\"e-n-accordion-item\" >\n\t\t\t\t<summary class=\"e-n-accordion-item-title\" data-accordion-index=\"2\" tabindex=\"-1\" aria-expanded=\"false\" aria-controls=\"e-n-accordion-item-1291\" >\n\t\t\t\t\t<span class='e-n-accordion-item-title-header'><div class=\"e-n-accordion-item-title-text\"> Betalningsvillkor <\/div><\/span>\n\t\t\t\t\t\t\t<span class='e-n-accordion-item-title-icon'>\n\t\t\t<span class='e-opened' ><svg aria-hidden=\"true\" class=\"e-font-icon-svg e-fas-minus\" viewBox=\"0 0 448 512\" xmlns=\"http:\/\/www.w3.org\/2000\/svg\"><path d=\"M416 208H32c-17.67 0-32 14.33-32 32v32c0 17.67 14.33 32 32 32h384c17.67 0 32-14.33 32-32v-32c0-17.67-14.33-32-32-32z\"><\/path><\/svg><\/span>\n\t\t\t<span class='e-closed'><svg aria-hidden=\"true\" class=\"e-font-icon-svg e-fas-plus\" viewBox=\"0 0 448 512\" xmlns=\"http:\/\/www.w3.org\/2000\/svg\"><path d=\"M416 208H272V64c0-17.67-14.33-32-32-32h-32c-17.67 0-32 14.33-32 32v144H32c-17.67 0-32 14.33-32 32v32c0 17.67 14.33 32 32 32h144v144c0 17.67 14.33 32 32 32h32c17.67 0 32-14.33 32-32V304h144c17.67 0 32-14.33 32-32v-32c0-17.67-14.33-32-32-32z\"><\/path><\/svg><\/span>\n\t\t<\/span>\n\n\t\t\t\t\t\t<\/summary>\n\t\t\t\t<div role=\"region\" aria-labelledby=\"e-n-accordion-item-1291\" class=\"elementor-element elementor-element-ee50cea e-con-full e-flex e-con e-child\" data-id=\"ee50cea\" data-element_type=\"container\" data-e-type=\"container\">\n\t\t\t\t<div class=\"elementor-element elementor-element-ab6d517 elementor-widget elementor-widget-heading\" data-id=\"ab6d517\" data-element_type=\"widget\" data-e-type=\"widget\" data-widget_type=\"heading.default\">\n\t\t\t\t\t<h2 class=\"elementor-heading-title elementor-size-default\">Betalning av bokning<\/h2>\t\t\t\t<\/div>\n\t\t\t\t<div class=\"elementor-element elementor-element-00b48d7 elementor-widget elementor-widget-text-editor\" data-id=\"00b48d7\" data-element_type=\"widget\" data-e-type=\"widget\" data-widget_type=\"text-editor.default\">\n\t\t\t\t\t\t\t\t\t<p>10+ deltagare m\u00e5ste betalning av hela aktiviteten g\u00f6ras senast 14 dagar f\u00f6re bokad aktivitet. Betalas bokningen inte, och ni inte dyker upp vid er bokade aktivitet blir du betalningsskyldig och kommer faktureras p\u00e5 hela summan.<\/p><p>1-9 deltagare m\u00e5ste betalning av hela aktiviteten g\u00f6ras senast 5 dagar f\u00f6re bokad aktivitet. Betalas bokningen inte, och ni inte dyker upp vid er bokade aktivitet blir du betalningsskyldig och kommer faktureras p\u00e5 hela summan.<\/p><p><strong>Barnkalas:<\/strong>\u00a0Betalningen kan ni g\u00f6ra senast 7 dagar innan bokat datum och det g\u00e5r \u00e4ven bra att \u00e4ndra antal kl\u00e4ttrande barn fram tills dess<\/p>\t\t\t\t\t\t\t\t<\/div>\n\t\t\t\t<div class=\"elementor-element elementor-element-ff0fa8a elementor-widget elementor-widget-heading\" data-id=\"ff0fa8a\" data-element_type=\"widget\" data-e-type=\"widget\" data-widget_type=\"heading.default\">\n\t\t\t\t\t<h2 class=\"elementor-heading-title elementor-size-default\">Fakturering<\/h2>\t\t\t\t<\/div>\n\t\t\t\t<div class=\"elementor-element elementor-element-0b77b0d elementor-widget elementor-widget-text-editor\" data-id=\"0b77b0d\" data-element_type=\"widget\" data-e-type=\"widget\" data-widget_type=\"text-editor.default\">\n\t\t\t\t\t\t\t\t\t<p>Alla f\u00f6retag har 10 dagars betalningsvillkor och skickas ca 14 dagar innan bokad aktivitet.<\/p><p>Bokar du inom 14 dagar skickas fakturan ut s\u00e5 fort den \u00e4r gjord.<br \/>Bokningcentralen tar ut en avgift p\u00e5 29kr f\u00f6r varje faktura som tillh\u00f6r er bokning.<\/p>\t\t\t\t\t\t\t\t<\/div>\n\t\t\t\t<\/div>\n\t\t\t\t\t<\/details>\n\t\t\t\t\t\t<details id=\"e-n-accordion-item-1292\" class=\"e-n-accordion-item\" >\n\t\t\t\t<summary class=\"e-n-accordion-item-title\" data-accordion-index=\"3\" tabindex=\"-1\" aria-expanded=\"false\" aria-controls=\"e-n-accordion-item-1292\" >\n\t\t\t\t\t<span class='e-n-accordion-item-title-header'><div class=\"e-n-accordion-item-title-text\"> Presentkort <\/div><\/span>\n\t\t\t\t\t\t\t<span class='e-n-accordion-item-title-icon'>\n\t\t\t<span class='e-opened' ><svg aria-hidden=\"true\" class=\"e-font-icon-svg e-fas-minus\" viewBox=\"0 0 448 512\" xmlns=\"http:\/\/www.w3.org\/2000\/svg\"><path d=\"M416 208H32c-17.67 0-32 14.33-32 32v32c0 17.67 14.33 32 32 32h384c17.67 0 32-14.33 32-32v-32c0-17.67-14.33-32-32-32z\"><\/path><\/svg><\/span>\n\t\t\t<span class='e-closed'><svg aria-hidden=\"true\" class=\"e-font-icon-svg e-fas-plus\" viewBox=\"0 0 448 512\" xmlns=\"http:\/\/www.w3.org\/2000\/svg\"><path d=\"M416 208H272V64c0-17.67-14.33-32-32-32h-32c-17.67 0-32 14.33-32 32v144H32c-17.67 0-32 14.33-32 32v32c0 17.67 14.33 32 32 32h144v144c0 17.67 14.33 32 32 32h32c17.67 0 32-14.33 32-32V304h144c17.67 0 32-14.33 32-32v-32c0-17.67-14.33-32-32-32z\"><\/path><\/svg><\/span>\n\t\t<\/span>\n\n\t\t\t\t\t\t<\/summary>\n\t\t\t\t<div role=\"region\" aria-labelledby=\"e-n-accordion-item-1292\" class=\"elementor-element elementor-element-12dd192 e-con-full e-flex e-con e-child\" data-id=\"12dd192\" data-element_type=\"container\" data-e-type=\"container\">\n\t\t\t\t<div class=\"elementor-element elementor-element-54c38d0 elementor-widget elementor-widget-heading\" data-id=\"54c38d0\" data-element_type=\"widget\" data-e-type=\"widget\" data-widget_type=\"heading.default\">\n\t\t\t\t\t<h2 class=\"elementor-heading-title elementor-size-default\">Villkor f\u00f6r Presentkort <\/h2>\t\t\t\t<\/div>\n\t\t\t\t<div class=\"elementor-element elementor-element-0b84295 elementor-widget elementor-widget-text-editor\" data-id=\"0b84295\" data-element_type=\"widget\" data-e-type=\"widget\" data-widget_type=\"text-editor.default\">\n\t\t\t\t\t\t\t\t\t<p>Du ansvarar f\u00f6r att du har fyllt i korrekta uppgifter vid k\u00f6p av presentkort. Felleveranser eller liknande, som beror p\u00e5 att du l\u00e4mnat felaktiga uppgifter, kommer ej att ers\u00e4ttas.<\/p><p>Du kan \u00e5ngra ett k\u00f6p av ett presentkort inom fjorton (14) kalenderdagar fr\u00e5n det att du mottagit presentkortet. Dock f\u00f6ruts\u00e4tter nyttjande av \u00e5ngerr\u00e4tten att presentkortet inte har anv\u00e4nts helt eller delvis. Om du vill anv\u00e4nda din \u00e5ngerr\u00e4tt m\u00e5ste du kontakta oss via mail till\u00a0<a href=\"mailto:boka@upzone.se\">boka@upzone.se<\/a>\u00a0och f\u00e5 en skriftlig bekr\u00e4ftelse.<\/p>\t\t\t\t\t\t\t\t<\/div>\n\t\t\t\t<\/div>\n\t\t\t\t\t<\/details>\n\t\t\t\t\t\t<details id=\"e-n-accordion-item-1293\" class=\"e-n-accordion-item\" >\n\t\t\t\t<summary class=\"e-n-accordion-item-title\" data-accordion-index=\"4\" tabindex=\"-1\" aria-expanded=\"false\" aria-controls=\"e-n-accordion-item-1293\" >\n\t\t\t\t\t<span class='e-n-accordion-item-title-header'><div class=\"e-n-accordion-item-title-text\"> Lagring av Personuppgifter <\/div><\/span>\n\t\t\t\t\t\t\t<span class='e-n-accordion-item-title-icon'>\n\t\t\t<span class='e-opened' ><svg aria-hidden=\"true\" class=\"e-font-icon-svg e-fas-minus\" viewBox=\"0 0 448 512\" xmlns=\"http:\/\/www.w3.org\/2000\/svg\"><path d=\"M416 208H32c-17.67 0-32 14.33-32 32v32c0 17.67 14.33 32 32 32h384c17.67 0 32-14.33 32-32v-32c0-17.67-14.33-32-32-32z\"><\/path><\/svg><\/span>\n\t\t\t<span class='e-closed'><svg aria-hidden=\"true\" class=\"e-font-icon-svg e-fas-plus\" viewBox=\"0 0 448 512\" xmlns=\"http:\/\/www.w3.org\/2000\/svg\"><path d=\"M416 208H272V64c0-17.67-14.33-32-32-32h-32c-17.67 0-32 14.33-32 32v144H32c-17.67 0-32 14.33-32 32v32c0 17.67 14.33 32 32 32h144v144c0 17.67 14.33 32 32 32h32c17.67 0 32-14.33 32-32V304h144c17.67 0 32-14.33 32-32v-32c0-17.67-14.33-32-32-32z\"><\/path><\/svg><\/span>\n\t\t<\/span>\n\n\t\t\t\t\t\t<\/summary>\n\t\t\t\t<div role=\"region\" aria-labelledby=\"e-n-accordion-item-1293\" class=\"elementor-element elementor-element-fc210b1 e-con-full e-flex e-con e-child\" data-id=\"fc210b1\" data-element_type=\"container\" data-e-type=\"container\">\n\t\t\t\t<div class=\"elementor-element elementor-element-fdccecb elementor-widget elementor-widget-heading\" data-id=\"fdccecb\" data-element_type=\"widget\" data-e-type=\"widget\" data-widget_type=\"heading.default\">\n\t\t\t\t\t<h2 class=\"elementor-heading-title elementor-size-default\">GDPR<\/h2>\t\t\t\t<\/div>\n\t\t\t\t<div class=\"elementor-element elementor-element-51c8506 elementor-widget elementor-widget-text-editor\" data-id=\"51c8506\" data-element_type=\"widget\" data-e-type=\"widget\" data-widget_type=\"text-editor.default\">\n\t\t\t\t\t\t\t\t\t<p>N\u00e4r du genomf\u00f6r en bokning eller k\u00f6p hos Upzone godk\u00e4nner du samtidigt att vi, i egenskap av personuppgiftsansvarig, registrerar och behandlar uppgifterna du l\u00e4mnar i samband med bokningen. Detta g\u00f6rs endast i den omfattning som \u00e4r n\u00f6dv\u00e4ndig f\u00f6r att vi ska kunna genomf\u00f6ra aktiviteten och ge dig en h\u00f6g standard av kundservice. Du kan n\u00e4r som helst kontakta oss via\u00a0<a href=\"mailto:boka@upzone.se\">boka@upzone.se<\/a>\u00a0om du vill veta mer.<\/p><p>Vi anv\u00e4nder endast uppgifterna inom Upzone-koncernen och uppgifterna f\u00f6rs inte vidare till tredje part, om inte vi enligt lag \u00e4r skyldigt att l\u00e4mna ut uppgifterna.<\/p>\t\t\t\t\t\t\t\t<\/div>\n\t\t\t\t<\/div>\n\t\t\t\t\t<\/details>\n\t\t\t\t\t<\/div>\n\t\t\t\t\t\t<\/div>\n\t\t\t\t\t<\/div>\n\t\t\t\t<\/div>\n\t\t\t\t<\/div>\n\t\t","protected":false},"excerpt":{"rendered":"<p>Bokningsvillkor Villkor f\u00f6r bokning Villkor vid bokning av aktivitet F\u00f6r att boka m\u00e5ste du ha fyllt 18 \u00e5r eller ha m\u00e5lsmans godk\u00e4nnande f\u00f6r att kunna genomf\u00f6ra aktiviteten. Det \u00e4r viktigt att du \u00e4r inf\u00f6rst\u00e5dd med v\u00e5ra l\u00e4ngd- och s\u00e4kerhetsregler. Vid bokning beh\u00f6ver en plats bokas f\u00f6r varje person som ska kl\u00e4ttra enligt den l\u00e4ngdkategori man [&hellip;]<\/p>\n","protected":false},"author":1,"featured_media":0,"parent":0,"menu_order":0,"comment_status":"closed","ping_status":"closed","template":"","meta":{"_seopress_robots_primary_cat":"","_seopress_titles_title":"Bokningsvillkor | Upzone \u00c4ventyrspark","_seopress_titles_desc":"L\u00e4s Upzones bokningsvillkor f\u00f6r aktiviteter och \u00e4ventyrsparker. H\u00e4r hittar du information om betalning, avbokning, ombokning och vad som g\u00e4ller vid din bokning.","_seopress_robots_index":"","footnotes":""},"class_list":["post-238","page","type-page","status-publish","hentry"],"_links":{"self":[{"href":"https:\/\/upzone.se\/en\/wp-json\/wp\/v2\/pages\/238","targetHints":{"allow":["GET"]}}],"collection":[{"href":"https:\/\/upzone.se\/en\/wp-json\/wp\/v2\/pages"}],"about":[{"href":"https:\/\/upzone.se\/en\/wp-json\/wp\/v2\/types\/page"}],"author":[{"embeddable":true,"href":"https:\/\/upzone.se\/en\/wp-json\/wp\/v2\/users\/1"}],"replies":[{"embeddable":true,"href":"https:\/\/upzone.se\/en\/wp-json\/wp\/v2\/comments?post=238"}],"version-history":[{"count":29,"href":"https:\/\/upzone.se\/en\/wp-json\/wp\/v2\/pages\/238\/revisions"}],"predecessor-version":[{"id":7820,"href":"https:\/\/upzone.se\/en\/wp-json\/wp\/v2\/pages\/238\/revisions\/7820"}],"wp:attachment":[{"href":"https:\/\/upzone.se\/en\/wp-json\/wp\/v2\/media?parent=238"}],"curies":[{"name":"wp","href":"https:\/\/api.w.org\/{rel}","templated":true}]}}