{"id":8607,"date":"2026-02-15T14:19:16","date_gmt":"2026-02-15T13:19:16","guid":{"rendered":"https:\/\/upzone.se\/saldo-des-geschenkgutscheins\/"},"modified":"2026-04-27T03:40:31","modified_gmt":"2026-04-27T01:40:31","slug":"saldo-des-geschenkgutscheins","status":"publish","type":"page","link":"https:\/\/upzone.se\/de\/saldo-des-geschenkgutscheins\/","title":{"rendered":"Saldo des Geschenkgutscheins"},"content":{"rendered":"\t\t<div data-elementor-type=\"wp-page\" data-elementor-id=\"8607\" class=\"elementor elementor-8607 elementor-3216\" data-elementor-post-type=\"page\">\n\t\t\t\t<div class=\"elementor-element elementor-element-e548fb4 e-con-full e-flex e-con e-parent\" data-id=\"e548fb4\" data-element_type=\"container\" data-e-type=\"container\">\n\t\t<div class=\"elementor-element elementor-element-6ef94cf e-con-full e-flex e-con e-child\" data-id=\"6ef94cf\" data-element_type=\"container\" data-e-type=\"container\" data-settings=\"{&quot;background_background&quot;:&quot;classic&quot;}\">\n\t\t\t\t<div class=\"elementor-element elementor-element-94767f9 elementor-widget elementor-widget-heading\" data-id=\"94767f9\" data-element_type=\"widget\" data-e-type=\"widget\" data-widget_type=\"heading.default\">\n\t\t\t\t\t<h2 class=\"elementor-heading-title elementor-size-default\">Verschenken Sie ein unvergessliches Abenteuer.<\/h2>\t\t\t\t<\/div>\n\t\t\t\t<div class=\"elementor-element elementor-element-c598323 elementor-hidden-mobile elementor-widget elementor-widget-text-editor\" data-id=\"c598323\" data-element_type=\"widget\" data-e-type=\"widget\" data-widget_type=\"text-editor.default\">\n\t\t\t\t\t\t\t\t\t<p><strong>Ein Upzone-Geschenkgutschein ist das perfekte Geschenk f\u00fcr diejenigen, die schon alles haben &#8211; au\u00dfer das Kribbeln im Bauch.<\/strong><\/p><p>Unsere Geschenkgutscheine sind in allen Parks g\u00fcltig und geben dem Beschenkten die Freiheit, sein eigenes aufregendes Erlebnis zu w\u00e4hlen.<\/p>\t\t\t\t\t\t\t\t<\/div>\n\t\t\t\t<div class=\"elementor-element elementor-element-9aa3e45 elementor-align-center elementor-widget elementor-widget-button\" data-id=\"9aa3e45\" data-element_type=\"widget\" data-e-type=\"widget\" data-widget_type=\"button.default\">\n\t\t\t\t\t\t\t\t\t\t<a class=\"elementor-button elementor-button-link elementor-size-sm elementor-animation-sink\" href=\"https:\/\/upzone.se\/aktivitetskatalog\/upzone-presentkort\/\">\n\t\t\t\t\t\t<span class=\"elementor-button-content-wrapper\">\n\t\t\t\t\t\t\t\t\t<span class=\"elementor-button-text\">Einen Geschenkgutschein kaufen<\/span>\n\t\t\t\t\t<\/span>\n\t\t\t\t\t<\/a>\n\t\t\t\t\t\t\t\t<\/div>\n\t\t\t\t<\/div>\n\t\t<div class=\"elementor-element elementor-element-b83b784 e-con-full e-flex e-con e-child\" data-id=\"b83b784\" data-element_type=\"container\" data-e-type=\"container\" data-settings=\"{&quot;background_background&quot;:&quot;classic&quot;}\">\n\t\t\t\t<div class=\"elementor-element elementor-element-d28e867 elementor-widget elementor-widget-heading\" data-id=\"d28e867\" data-element_type=\"widget\" data-e-type=\"widget\" data-widget_type=\"heading.default\">\n\t\t\t\t\t<h2 class=\"elementor-heading-title elementor-size-default\">Tauschen Sie Ihre Fitnessstudio-Karte gegen frische Luft.<\/h2>\t\t\t\t<\/div>\n\t\t\t\t<div class=\"elementor-element elementor-element-2a74fe2 elementor-hidden-mobile elementor-widget elementor-widget-text-editor\" data-id=\"2a74fe2\" data-element_type=\"widget\" data-e-type=\"widget\" data-widget_type=\"text-editor.default\">\n\t\t\t\t\t\t\t\t\t<p><strong>Wussten Sie, dass Sie Ihr Wellness-Geld bei Upzone verwenden k\u00f6nnen?<\/strong><\/p><p>Unsere Aktivit\u00e4ten sorgen f\u00fcr Puls, Bewegung und Freude &#8211; genau wie Bewegung sein sollte. Klettern, balancieren und fordern Sie Ihren K\u00f6rper auf eine neue Art und Weise heraus, mitten in der Natur. <\/p>\t\t\t\t\t\t\t\t<\/div>\n\t\t\t\t<div class=\"elementor-element elementor-element-186dbd7 elementor-align-center elementor-widget elementor-widget-button\" data-id=\"186dbd7\" data-element_type=\"widget\" data-e-type=\"widget\" data-widget_type=\"button.default\">\n\t\t\t\t\t\t\t\t\t\t<a class=\"elementor-button elementor-button-link elementor-size-sm elementor-animation-sink\" href=\"https:\/\/upzone.se\/aktivitetskatalog\/upzone-friskvardsbidrag\/\">\n\t\t\t\t\t\t<span class=\"elementor-button-content-wrapper\">\n\t\t\t\t\t\t\t\t\t<span class=\"elementor-button-text\">Nutzen Sie Ihr Wellness-Geld<\/span>\n\t\t\t\t\t<\/span>\n\t\t\t\t\t<\/a>\n\t\t\t\t\t\t\t\t<\/div>\n\t\t\t\t<\/div>\n\t\t\t\t<\/div>\n\t\t<div class=\"elementor-element elementor-element-c7d155b e-flex e-con-boxed e-con e-parent\" data-id=\"c7d155b\" data-element_type=\"container\" data-e-type=\"container\">\n\t\t\t\t\t<div class=\"e-con-inner\">\n\t\t<div class=\"elementor-element elementor-element-5611bad e-con-full e-flex e-con e-child\" data-id=\"5611bad\" data-element_type=\"container\" data-e-type=\"container\">\n\t\t\t\t<div class=\"elementor-element elementor-element-d6d0cad elementor-widget elementor-widget-heading\" data-id=\"d6d0cad\" data-element_type=\"widget\" data-e-type=\"widget\" data-widget_type=\"heading.default\">\n\t\t\t\t\t<h2 class=\"elementor-heading-title elementor-size-default\">Klettern als Geschenk - oder Wellness<\/h2>\t\t\t\t<\/div>\n\t\t\t\t<div class=\"elementor-element elementor-element-9092bf9 elementor-widget elementor-widget-text-editor\" data-id=\"9092bf9\" data-element_type=\"widget\" data-e-type=\"widget\" data-widget_type=\"text-editor.default\">\n\t\t\t\t\t\t\t\t\t<p data-start=\"62\" data-end=\"256\">Ein Geschenkgutschein f\u00fcr Upzone ist ein gesch\u00e4tztes Geschenk f\u00fcr jeden, der gerne etwas erlebt. Geschenkgutscheine k\u00f6nnen ganz einfach direkt \u00fcber unsere Website erworben und f\u00fcr unsere verschiedenen Aktivit\u00e4ten im Park eingel\u00f6st werden. <\/p><p data-start=\"258\" data-end=\"551\">Wussten Sie, dass das Klettern im Kletterwald auch eine vom Finanzamt anerkannte Wellness-Aktivit\u00e4t ist? Das bedeutet, dass Sie Ihr Wellness-Geld f\u00fcr das Klettern bei uns verwenden k\u00f6nnen. Sie k\u00f6nnen das Wellness-Programm nutzen, indem Sie es auf unserer Website oder \u00fcber einen unserer angeschlossenen Wellness-Anbieter erwerben.  <\/p>\t\t\t\t\t\t\t\t<\/div>\n\t\t\t\t<div class=\"elementor-element elementor-element-249f1b3 elementor-widget elementor-widget-heading\" data-id=\"249f1b3\" data-element_type=\"widget\" data-e-type=\"widget\" data-widget_type=\"heading.default\">\n\t\t\t\t\t<h2 class=\"elementor-heading-title elementor-size-default\">Firmengeschenke<\/h2>\t\t\t\t<\/div>\n\t\t\t\t<div class=\"elementor-element elementor-element-c17fec6 elementor-widget elementor-widget-text-editor\" data-id=\"c17fec6\" data-element_type=\"widget\" data-e-type=\"widget\" data-widget_type=\"text-editor.default\">\n\t\t\t\t\t\t\t\t\t<p>M\u00f6chten Sie <strong data-start=\"564\" data-end=\"599\">Gutscheine an Ihre Mitarbeiter verschenken<\/strong>, ein gesch\u00e4tztes Mitarbeitergeschenk organisieren oder ben\u00f6tigen Sie eine <strong data-start=\"651\" data-end=\"681\">spezielle L\u00f6sung f\u00fcr Unternehmen<\/strong>? Nehmen Sie Kontakt mit uns auf und wir helfen Ihnen, ein passendes Arrangement zu finden. <\/p>\t\t\t\t\t\t\t\t<\/div>\n\t\t\t\t<div class=\"elementor-element elementor-element-937259d elementor-widget elementor-widget-button\" data-id=\"937259d\" data-element_type=\"widget\" data-e-type=\"widget\" data-widget_type=\"button.default\">\n\t\t\t\t\t\t\t\t\t\t<a class=\"elementor-button elementor-button-link elementor-size-sm elementor-animation-sink\" href=\"https:\/\/upzone.se\/kontakta-oss\/\">\n\t\t\t\t\t\t<span class=\"elementor-button-content-wrapper\">\n\t\t\t\t\t\t\t\t\t<span class=\"elementor-button-text\">Kontaktieren Sie uns unter<\/span>\n\t\t\t\t\t<\/span>\n\t\t\t\t\t<\/a>\n\t\t\t\t\t\t\t\t<\/div>\n\t\t\t\t<\/div>\n\t\t<div class=\"elementor-element elementor-element-7507658 e-con-full e-flex e-con e-child\" data-id=\"7507658\" data-element_type=\"container\" data-e-type=\"container\">\n\t\t<div class=\"elementor-element elementor-element-785952d e-con-full e-flex e-con e-child\" data-id=\"785952d\" data-element_type=\"container\" data-e-type=\"container\" data-settings=\"{&quot;background_background&quot;:&quot;classic&quot;}\">\n\t\t\t\t<div class=\"elementor-element elementor-element-154d86f elementor-widget elementor-widget-heading\" data-id=\"154d86f\" data-element_type=\"widget\" data-e-type=\"widget\" data-widget_type=\"heading.default\">\n\t\t\t\t\t<h2 class=\"elementor-heading-title elementor-size-default\">Kaufen Sie Ihre Wellness hier<\/h2>\t\t\t\t<\/div>\n\t\t<div class=\"elementor-element elementor-element-fa9094b e-grid e-con-full e-con e-child\" data-id=\"fa9094b\" data-element_type=\"container\" data-e-type=\"container\">\n\t\t\t\t<div class=\"elementor-element elementor-element-4c3d10d elementor-widget elementor-widget-image\" data-id=\"4c3d10d\" data-element_type=\"widget\" data-e-type=\"widget\" data-widget_type=\"image.default\">\n\t\t\t\t\t\t\t\t\t\t\t\t\t\t\t<img alt=\"\" fetchpriority=\"high\" decoding=\"async\" width=\"450\" height=\"221\" src=\"https:\/\/upzone.se\/wp-content\/uploads\/2026\/03\/Soderberg-Partners-Logotyp-A-Tvaradig-RGB-high-res.jpg\" class=\"attachment-large size-large wp-image-8610\" alt=\"\" srcset=\"https:\/\/upzone.se\/wp-content\/uploads\/2026\/03\/Soderberg-Partners-Logotyp-A-Tvaradig-RGB-high-res.jpg 450w, https:\/\/upzone.se\/wp-content\/uploads\/2026\/03\/Soderberg-Partners-Logotyp-A-Tvaradig-RGB-high-res-300x147.jpg 300w\" sizes=\"(max-width: 450px) 100vw, 450px\" \/>\t\t\t\t\t\t\t\t\t\t\t\t\t\t\t<\/div>\n\t\t\t\t<div class=\"elementor-element elementor-element-e63eea9 elementor-widget elementor-widget-image\" data-id=\"e63eea9\" data-element_type=\"widget\" data-e-type=\"widget\" data-widget_type=\"image.default\">\n\t\t\t\t\t\t\t\t\t\t\t\t\t\t\t<img alt=\"\" decoding=\"async\" width=\"450\" height=\"221\" src=\"https:\/\/upzone.se\/wp-content\/uploads\/2026\/03\/images.jpg\" class=\"attachment-large size-large wp-image-8609\" alt=\"\" srcset=\"https:\/\/upzone.se\/wp-content\/uploads\/2026\/03\/images.jpg 450w, https:\/\/upzone.se\/wp-content\/uploads\/2026\/03\/images-300x147.jpg 300w\" sizes=\"(max-width: 450px) 100vw, 450px\" \/>\t\t\t\t\t\t\t\t\t\t\t\t\t\t\t<\/div>\n\t\t\t\t<div class=\"elementor-element elementor-element-2ed38b8 elementor-widget elementor-widget-image\" data-id=\"2ed38b8\" data-element_type=\"widget\" data-e-type=\"widget\" data-widget_type=\"image.default\">\n\t\t\t\t\t\t\t\t\t\t\t\t\t\t\t<img alt=\"\" decoding=\"async\" width=\"450\" height=\"221\" src=\"https:\/\/upzone.se\/wp-content\/uploads\/2026\/03\/Group-329.jpg\" class=\"attachment-large size-large wp-image-8608\" alt=\"\" srcset=\"https:\/\/upzone.se\/wp-content\/uploads\/2026\/03\/Group-329.jpg 450w, https:\/\/upzone.se\/wp-content\/uploads\/2026\/03\/Group-329-300x147.jpg 300w\" sizes=\"(max-width: 450px) 100vw, 450px\" \/>\t\t\t\t\t\t\t\t\t\t\t\t\t\t\t<\/div>\n\t\t\t\t<\/div>\n\t\t\t\t<\/div>\n\t\t\t\t<\/div>\n\t\t\t\t\t<\/div>\n\t\t\t\t<\/div>\n\t\t<div class=\"elementor-element elementor-element-1dac8f7 e-flex e-con-boxed e-con e-parent\" data-id=\"1dac8f7\" data-element_type=\"container\" data-e-type=\"container\">\n\t\t\t\t\t<div class=\"e-con-inner\">\n\t\t<div class=\"elementor-element elementor-element-d6d8085 e-con-full e-flex e-con e-child\" data-id=\"d6d8085\" data-element_type=\"container\" data-e-type=\"container\" data-settings=\"{&quot;background_background&quot;:&quot;classic&quot;}\">\n\t\t\t\t<div class=\"elementor-element elementor-element-746a5d0 elementor-widget elementor-widget-heading\" data-id=\"746a5d0\" data-element_type=\"widget\" data-e-type=\"widget\" data-widget_type=\"heading.default\">\n\t\t\t\t\t<h2 class=\"elementor-heading-title elementor-size-default\">Saldo pr\u00fcfen<\/h2>\t\t\t\t<\/div>\n\t\t\t\t<div class=\"elementor-element elementor-element-e8d66a8 elementor-widget elementor-widget-text-editor\" data-id=\"e8d66a8\" data-element_type=\"widget\" data-e-type=\"widget\" data-widget_type=\"text-editor.default\">\n\t\t\t\t\t\t\t\t\t<p><strong>Haben Sie einen Upzone Gutschein\/Geschenkkarte?<\/strong>  Unten k\u00f6nnen Sie ganz einfach Ihr Guthaben \u00fcberpr\u00fcfen und das Verfallsdatum sehen.  <\/p>\t\t\t\t\t\t\t\t<\/div>\n\t\t\t\t<div class=\"elementor-element elementor-element-f01e1b0 elementor-widget elementor-widget-shortcode\" data-id=\"f01e1b0\" data-element_type=\"widget\" data-e-type=\"widget\" data-widget_type=\"shortcode.default\">\n\t\t\t\t\t\t\t<div class=\"elementor-shortcode\"><style>\r\n    #pwgc-balance-container {\r\n        text-align: center;\r\n    }\r\n\r\n    #pwgc-balance-title {\r\n        font-size: 150%;\r\n        margin-bottom: 16px;\r\n    }\r\n\r\n    #pwgc-balance-error {\r\n        color: red;\r\n        font-weight: 600;\r\n    }\r\n\r\n    #pwgc-balance-message {\r\n        color: blue;\r\n        font-weight: 600;\r\n    }\r\n\r\n    #pwgc-balance-amount-value {\r\n        font-size: 200%;\r\n        font-weight: 600;\r\n        color: #329926;\r\n    }\r\n\r\n    #pwgc-balance-expiration-date-container {\r\n        font-size: 80%;\r\n        color: #999999;\r\n        display: none;\r\n    }\r\n\r\n    #pwgc-balance-number-container {\r\n        text-align: center;\r\n        margin: 32px auto;\r\n    }\r\n\r\n    #pwgc-balance-number {\r\n        width: 300px;\r\n        margin-bottom: 10px;\r\n        display: inline-block;\r\n    }\r\n\r\n    #pwgc-balance-reload, #pwgc-manual-debit {\r\n        display: none;\r\n    }\r\n\r\n    #pwgc-balance-activity {\r\n        margin-top: 24px;\r\n        overflow-x: auto;\r\n    }\r\n\r\n    #pwgc-balance-buttons {\r\n        margin-top: 24px;\r\n    }\r\n\r\n<\/style>\r\n<form id=\"pwgc-balance-form\">\r\n<div id=\"pwgc-balance-container\">\r\n        <div id=\"pwgc-balance-title\">Geschenkkarten Saldo \u00fcberpr\u00fcfen<\/div>\r\n\r\n    <div id=\"pwgc-balance-number-container\">\r\n        <input type=\"text\" id=\"pwgc-balance-number\" name=\"card_number\" autocomplete=\"off\" placeholder=\"Geschenkkartennummer\" value=\"\" required>\r\n        <input type=\"submit\" id=\"pwgc-balance-button\" value=\"Betrag \u00fcberpr\u00fcfen\">\r\n    <\/div>\r\n\r\n    <div id=\"pwgc-balance-error\"><\/div>\r\n    <div id=\"pwgc-balance-message\"><\/div>\r\n    <div id=\"pwgc-balance-amount\"><\/div>\r\n\r\n                <div id=\"pwgc-balance-expiration-date-container\">\r\n                L\u00e4uft ab <span id=\"pwgc-balance-expiration-date\"><\/span>\r\n            <\/div>\r\n                <div id=\"pwgc-balance-buttons\">\r\n                            <input type=\"button\" id=\"pwgc-balance-reload\" data-url=\"https:\/\/upzone.se\/de\/aktivitetskatalog\/upzone-wellness-zuschuss\/\" data-card-number=\"\" value=\"F\u00fcgen Sie mehr Geld zu dieser Geschenkkarte hinzu.\">\r\n                        <\/div>\r\n\r\n    <div id=\"pwgc-balance-activity\"><\/div>\r\n<\/div>\r\n<\/form>\r\n<\/div>\n\t\t\t\t\t\t<\/div>\n\t\t\t\t<\/div>\n\t\t\t\t\t<\/div>\n\t\t\t\t<\/div>\n\t\t\t\t<\/div>\n\t\t","protected":false},"excerpt":{"rendered":"<p>Verschenken Sie ein unvergessliches Abenteuer. Ein Upzone-Geschenkgutschein ist das perfekte Geschenk f\u00fcr diejenigen, die schon alles haben &#8211; au\u00dfer das Kribbeln im Bauch. Unsere Geschenkgutscheine sind in allen Parks g\u00fcltig und geben dem Beschenkten die Freiheit, sein eigenes aufregendes Erlebnis zu w\u00e4hlen. Einen Geschenkgutschein kaufen Tauschen Sie Ihre Fitnessstudio-Karte gegen frische Luft. Wussten Sie, dass [&hellip;]<\/p>\n","protected":false},"author":1,"featured_media":0,"parent":0,"menu_order":0,"comment_status":"closed","ping_status":"closed","template":"","meta":{"_seopress_robots_primary_cat":"","_seopress_titles_title":"Guthaben der Geschenkkarte pr\u00fcfen | Upzone Adventure Park","_seopress_titles_desc":"Pr\u00fcfen Sie das Guthaben Ihrer Upzone-Geschenkkarte schnell und einfach. Geben Sie Ihre Geschenkkartennummer ein und sehen Sie den aktuellen Kontostand direkt online. ","_seopress_robots_index":"","footnotes":""},"class_list":["post-8607","page","type-page","status-publish","hentry"],"_links":{"self":[{"href":"https:\/\/upzone.se\/de\/wp-json\/wp\/v2\/pages\/8607","targetHints":{"allow":["GET"]}}],"collection":[{"href":"https:\/\/upzone.se\/de\/wp-json\/wp\/v2\/pages"}],"about":[{"href":"https:\/\/upzone.se\/de\/wp-json\/wp\/v2\/types\/page"}],"author":[{"embeddable":true,"href":"https:\/\/upzone.se\/de\/wp-json\/wp\/v2\/users\/1"}],"replies":[{"embeddable":true,"href":"https:\/\/upzone.se\/de\/wp-json\/wp\/v2\/comments?post=8607"}],"version-history":[{"count":1,"href":"https:\/\/upzone.se\/de\/wp-json\/wp\/v2\/pages\/8607\/revisions"}],"predecessor-version":[{"id":8611,"href":"https:\/\/upzone.se\/de\/wp-json\/wp\/v2\/pages\/8607\/revisions\/8611"}],"wp:attachment":[{"href":"https:\/\/upzone.se\/de\/wp-json\/wp\/v2\/media?parent=8607"}],"curies":[{"name":"wp","href":"https:\/\/api.w.org\/{rel}","templated":true}]}}