{"id":3216,"date":"2026-02-15T14:19:16","date_gmt":"2026-02-15T13:19:16","guid":{"rendered":"https:\/\/upzone.webblix.se\/?page_id=3216"},"modified":"2026-03-18T14:44:26","modified_gmt":"2026-03-18T13:44:26","slug":"presentkortssaldo","status":"publish","type":"page","link":"https:\/\/upzone.se\/de\/presentkortssaldo\/","title":{"rendered":"Presentkortssaldo"},"content":{"rendered":"\t\t<div data-elementor-type=\"wp-page\" data-elementor-id=\"3216\" class=\"elementor elementor-3216\" data-elementor-post-type=\"page\">\n\t\t\t\t<div class=\"elementor-element elementor-element-e548fb4 e-con-full e-flex e-con e-parent\" data-id=\"e548fb4\" data-element_type=\"container\" data-e-type=\"container\">\n\t\t<div class=\"elementor-element elementor-element-6ef94cf e-con-full e-flex e-con e-child\" data-id=\"6ef94cf\" data-element_type=\"container\" data-e-type=\"container\" data-settings=\"{&quot;background_background&quot;:&quot;classic&quot;}\">\n\t\t\t\t<div class=\"elementor-element elementor-element-94767f9 elementor-widget elementor-widget-heading\" data-id=\"94767f9\" data-element_type=\"widget\" data-e-type=\"widget\" data-widget_type=\"heading.default\">\n\t\t\t\t\t<h2 class=\"elementor-heading-title elementor-size-default\">Ge bort ett of\u00f6rgl\u00f6mligt \u00e4ventyr.<\/h2>\t\t\t\t<\/div>\n\t\t\t\t<div class=\"elementor-element elementor-element-c598323 elementor-hidden-mobile elementor-widget elementor-widget-text-editor\" data-id=\"c598323\" data-element_type=\"widget\" data-e-type=\"widget\" data-widget_type=\"text-editor.default\">\n\t\t\t\t\t\t\t\t\t<p><strong>Ett presentkort p\u00e5 Upzone \u00e4r den perfekta g\u00e5van f\u00f6r den som redan har allt \u2013 utom pirret i magen.<\/strong><\/p><p>V\u00e5ra presentkort g\u00e4ller i alla parker och ger mottagaren friheten att v\u00e4lja sin egen sp\u00e4nnande upplevelse.<\/p>\t\t\t\t\t\t\t\t<\/div>\n\t\t\t\t<div class=\"elementor-element elementor-element-9aa3e45 elementor-align-center elementor-widget elementor-widget-button\" data-id=\"9aa3e45\" data-element_type=\"widget\" data-e-type=\"widget\" data-widget_type=\"button.default\">\n\t\t\t\t\t\t\t\t\t\t<a class=\"elementor-button elementor-button-link elementor-size-sm elementor-animation-sink\" href=\"https:\/\/upzone.se\/aktivitetskatalog\/upzone-presentkort\/\">\n\t\t\t\t\t\t<span class=\"elementor-button-content-wrapper\">\n\t\t\t\t\t\t\t\t\t<span class=\"elementor-button-text\">K\u00f6p ett presentkort<\/span>\n\t\t\t\t\t<\/span>\n\t\t\t\t\t<\/a>\n\t\t\t\t\t\t\t\t<\/div>\n\t\t\t\t<\/div>\n\t\t<div class=\"elementor-element elementor-element-b83b784 e-con-full e-flex e-con e-child\" data-id=\"b83b784\" data-element_type=\"container\" data-e-type=\"container\" data-settings=\"{&quot;background_background&quot;:&quot;classic&quot;}\">\n\t\t\t\t<div class=\"elementor-element elementor-element-d28e867 elementor-widget elementor-widget-heading\" data-id=\"d28e867\" data-element_type=\"widget\" data-e-type=\"widget\" data-widget_type=\"heading.default\">\n\t\t\t\t\t<h2 class=\"elementor-heading-title elementor-size-default\">Byt gymkortet mot frisk luft.<\/h2>\t\t\t\t<\/div>\n\t\t\t\t<div class=\"elementor-element elementor-element-2a74fe2 elementor-hidden-mobile elementor-widget elementor-widget-text-editor\" data-id=\"2a74fe2\" data-element_type=\"widget\" data-e-type=\"widget\" data-widget_type=\"text-editor.default\">\n\t\t\t\t\t\t\t\t\t<p><strong>Visste du att du kan anv\u00e4nda ditt friskv\u00e5rdsbidrag hos Upzone?<\/strong><\/p><p>V\u00e5ra aktiviteter ger b\u00e5de puls, r\u00f6relse och gl\u00e4dje \u2013 precis som tr\u00e4ning ska vara. Kl\u00e4ttra, balansera och utmana kroppen p\u00e5 ett nytt s\u00e4tt, mitt i naturen.<\/p>\t\t\t\t\t\t\t\t<\/div>\n\t\t\t\t<div class=\"elementor-element elementor-element-186dbd7 elementor-align-center elementor-widget elementor-widget-button\" data-id=\"186dbd7\" data-element_type=\"widget\" data-e-type=\"widget\" data-widget_type=\"button.default\">\n\t\t\t\t\t\t\t\t\t\t<a class=\"elementor-button elementor-button-link elementor-size-sm elementor-animation-sink\" href=\"https:\/\/upzone.se\/aktivitetskatalog\/upzone-friskvardsbidrag\/\">\n\t\t\t\t\t\t<span class=\"elementor-button-content-wrapper\">\n\t\t\t\t\t\t\t\t\t<span class=\"elementor-button-text\">Nyttja ditt friskv\u00e5rdsbidrag<\/span>\n\t\t\t\t\t<\/span>\n\t\t\t\t\t<\/a>\n\t\t\t\t\t\t\t\t<\/div>\n\t\t\t\t<\/div>\n\t\t\t\t<\/div>\n\t\t<div class=\"elementor-element elementor-element-c7d155b e-flex e-con-boxed e-con e-parent\" data-id=\"c7d155b\" data-element_type=\"container\" data-e-type=\"container\">\n\t\t\t\t\t<div class=\"e-con-inner\">\n\t\t<div class=\"elementor-element elementor-element-5611bad e-con-full e-flex e-con e-child\" data-id=\"5611bad\" data-element_type=\"container\" data-e-type=\"container\">\n\t\t\t\t<div class=\"elementor-element elementor-element-d6d0cad elementor-widget elementor-widget-heading\" data-id=\"d6d0cad\" data-element_type=\"widget\" data-e-type=\"widget\" data-widget_type=\"heading.default\">\n\t\t\t\t\t<h2 class=\"elementor-heading-title elementor-size-default\">Kl\u00e4ttring som present \u2013 eller friskv\u00e5rd<\/h2>\t\t\t\t<\/div>\n\t\t\t\t<div class=\"elementor-element elementor-element-9092bf9 elementor-widget elementor-widget-text-editor\" data-id=\"9092bf9\" data-element_type=\"widget\" data-e-type=\"widget\" data-widget_type=\"text-editor.default\">\n\t\t\t\t\t\t\t\t\t<p data-start=\"62\" data-end=\"256\">Ett presentkort till Upzone \u00e4r en uppskattad g\u00e5va f\u00f6r alla som gillar upplevelser. Presentkort k\u00f6per du enkelt direkt via v\u00e5r webbplats och det kan anv\u00e4ndas till v\u00e5ra olika aktiviteter i parken.<\/p><p data-start=\"258\" data-end=\"551\">Visste du att kl\u00e4ttring i h\u00f6gh\u00f6jdsbanan ocks\u00e5 \u00e4r godk\u00e4nd friskv\u00e5rdsaktivitet enligt Skatteverket? Det inneb\u00e4r att du kan anv\u00e4nda ditt friskv\u00e5rdsbidrag f\u00f6r att kl\u00e4ttra hos oss. Du kan nyttja friskv\u00e5rden genom k\u00f6p p\u00e5 v\u00e5r webbplats eller via n\u00e5gon av v\u00e5ra anslutna friskv\u00e5rdsleverant\u00f6rer.<\/p>\t\t\t\t\t\t\t\t<\/div>\n\t\t\t\t<div class=\"elementor-element elementor-element-249f1b3 elementor-widget elementor-widget-heading\" data-id=\"249f1b3\" data-element_type=\"widget\" data-e-type=\"widget\" data-widget_type=\"heading.default\">\n\t\t\t\t\t<h2 class=\"elementor-heading-title elementor-size-default\">F\u00f6retagsg\u00e5vor<\/h2>\t\t\t\t<\/div>\n\t\t\t\t<div class=\"elementor-element elementor-element-c17fec6 elementor-widget elementor-widget-text-editor\" data-id=\"c17fec6\" data-element_type=\"widget\" data-e-type=\"widget\" data-widget_type=\"text-editor.default\">\n\t\t\t\t\t\t\t\t\t<p>Vill du ge <strong data-start=\"564\" data-end=\"599\">presentkort till dina anst\u00e4llda<\/strong>, ordna en uppskattad personalg\u00e5va eller beh\u00f6ver en <strong data-start=\"651\" data-end=\"681\">speciall\u00f6sning f\u00f6r f\u00f6retag<\/strong>? H\u00f6r g\u00e4rna av dig s\u00e5 hj\u00e4lper vi dig att hitta ett uppl\u00e4gg som passar.<\/p>\t\t\t\t\t\t\t\t<\/div>\n\t\t\t\t<div class=\"elementor-element elementor-element-937259d elementor-widget elementor-widget-button\" data-id=\"937259d\" data-element_type=\"widget\" data-e-type=\"widget\" data-widget_type=\"button.default\">\n\t\t\t\t\t\t\t\t\t\t<a class=\"elementor-button elementor-button-link elementor-size-sm elementor-animation-sink\" href=\"https:\/\/upzone.se\/kontakta-oss\/\">\n\t\t\t\t\t\t<span class=\"elementor-button-content-wrapper\">\n\t\t\t\t\t\t\t\t\t<span class=\"elementor-button-text\">Kontakta oss<\/span>\n\t\t\t\t\t<\/span>\n\t\t\t\t\t<\/a>\n\t\t\t\t\t\t\t\t<\/div>\n\t\t\t\t<\/div>\n\t\t<div class=\"elementor-element elementor-element-7507658 e-con-full e-flex e-con e-child\" data-id=\"7507658\" data-element_type=\"container\" data-e-type=\"container\">\n\t\t<div class=\"elementor-element elementor-element-785952d e-con-full e-flex e-con e-child\" data-id=\"785952d\" data-element_type=\"container\" data-e-type=\"container\" data-settings=\"{&quot;background_background&quot;:&quot;classic&quot;}\">\n\t\t\t\t<div class=\"elementor-element elementor-element-154d86f elementor-widget elementor-widget-heading\" data-id=\"154d86f\" data-element_type=\"widget\" data-e-type=\"widget\" data-widget_type=\"heading.default\">\n\t\t\t\t\t<h2 class=\"elementor-heading-title elementor-size-default\">K\u00f6p din friskv\u00e5rd h\u00e4r<\/h2>\t\t\t\t<\/div>\n\t\t<div class=\"elementor-element elementor-element-fa9094b e-grid e-con-full e-con e-child\" data-id=\"fa9094b\" data-element_type=\"container\" data-e-type=\"container\">\n\t\t\t\t<div class=\"elementor-element elementor-element-4c3d10d elementor-widget elementor-widget-image\" data-id=\"4c3d10d\" data-element_type=\"widget\" data-e-type=\"widget\" data-widget_type=\"image.default\">\n\t\t\t\t\t\t\t\t\t\t\t\t\t\t\t<img alt=\"\" fetchpriority=\"high\" decoding=\"async\" width=\"450\" height=\"221\" src=\"https:\/\/upzone.se\/wp-content\/uploads\/2026\/03\/Soderberg-Partners-Logotyp-A-Tvaradig-RGB-high-res.jpg\" class=\"attachment-large size-large wp-image-6951\" alt=\"\" srcset=\"https:\/\/upzone.se\/wp-content\/uploads\/2026\/03\/Soderberg-Partners-Logotyp-A-Tvaradig-RGB-high-res.jpg 450w, https:\/\/upzone.se\/wp-content\/uploads\/2026\/03\/Soderberg-Partners-Logotyp-A-Tvaradig-RGB-high-res-300x147.jpg 300w\" sizes=\"(max-width: 450px) 100vw, 450px\" \/>\t\t\t\t\t\t\t\t\t\t\t\t\t\t\t<\/div>\n\t\t\t\t<div class=\"elementor-element elementor-element-e63eea9 elementor-widget elementor-widget-image\" data-id=\"e63eea9\" data-element_type=\"widget\" data-e-type=\"widget\" data-widget_type=\"image.default\">\n\t\t\t\t\t\t\t\t\t\t\t\t\t\t\t<img alt=\"\" decoding=\"async\" width=\"450\" height=\"221\" src=\"https:\/\/upzone.se\/wp-content\/uploads\/2026\/03\/images.jpg\" class=\"attachment-large size-large wp-image-6950\" alt=\"\" srcset=\"https:\/\/upzone.se\/wp-content\/uploads\/2026\/03\/images.jpg 450w, https:\/\/upzone.se\/wp-content\/uploads\/2026\/03\/images-300x147.jpg 300w\" sizes=\"(max-width: 450px) 100vw, 450px\" \/>\t\t\t\t\t\t\t\t\t\t\t\t\t\t\t<\/div>\n\t\t\t\t<div class=\"elementor-element elementor-element-2ed38b8 elementor-widget elementor-widget-image\" data-id=\"2ed38b8\" data-element_type=\"widget\" data-e-type=\"widget\" data-widget_type=\"image.default\">\n\t\t\t\t\t\t\t\t\t\t\t\t\t\t\t<img alt=\"\" decoding=\"async\" width=\"450\" height=\"221\" src=\"https:\/\/upzone.se\/wp-content\/uploads\/2026\/03\/Group-329.jpg\" class=\"attachment-large size-large wp-image-6949\" alt=\"\" srcset=\"https:\/\/upzone.se\/wp-content\/uploads\/2026\/03\/Group-329.jpg 450w, https:\/\/upzone.se\/wp-content\/uploads\/2026\/03\/Group-329-300x147.jpg 300w\" sizes=\"(max-width: 450px) 100vw, 450px\" \/>\t\t\t\t\t\t\t\t\t\t\t\t\t\t\t<\/div>\n\t\t\t\t<\/div>\n\t\t\t\t<\/div>\n\t\t\t\t<\/div>\n\t\t\t\t\t<\/div>\n\t\t\t\t<\/div>\n\t\t<div class=\"elementor-element elementor-element-1dac8f7 e-flex e-con-boxed e-con e-parent\" data-id=\"1dac8f7\" data-element_type=\"container\" data-e-type=\"container\">\n\t\t\t\t\t<div class=\"e-con-inner\">\n\t\t<div class=\"elementor-element elementor-element-d6d8085 e-con-full e-flex e-con e-child\" data-id=\"d6d8085\" data-element_type=\"container\" data-e-type=\"container\" data-settings=\"{&quot;background_background&quot;:&quot;classic&quot;}\">\n\t\t\t\t<div class=\"elementor-element elementor-element-746a5d0 elementor-widget elementor-widget-heading\" data-id=\"746a5d0\" data-element_type=\"widget\" data-e-type=\"widget\" data-widget_type=\"heading.default\">\n\t\t\t\t\t<h2 class=\"elementor-heading-title elementor-size-default\">Kontrollera saldo<\/h2>\t\t\t\t<\/div>\n\t\t\t\t<div class=\"elementor-element elementor-element-e8d66a8 elementor-widget elementor-widget-text-editor\" data-id=\"e8d66a8\" data-element_type=\"widget\" data-e-type=\"widget\" data-widget_type=\"text-editor.default\">\n\t\t\t\t\t\t\t\t\t<p><strong>Har du ett v\u00e4rdekort\/presentkort fr\u00e5n Upzone?<\/strong> H\u00e4r nedan kan du enkelt kontrollera ditt saldo och se utg\u00e5ngsdatum.\u00a0<\/p>\t\t\t\t\t\t\t\t<\/div>\n\t\t\t\t<div class=\"elementor-element elementor-element-f01e1b0 elementor-widget elementor-widget-shortcode\" data-id=\"f01e1b0\" data-element_type=\"widget\" data-e-type=\"widget\" data-widget_type=\"shortcode.default\">\n\t\t\t\t\t\t\t<div class=\"elementor-shortcode\"><style>\r\n    #pwgc-balance-container {\r\n        text-align: center;\r\n    }\r\n\r\n    #pwgc-balance-title {\r\n        font-size: 150%;\r\n        margin-bottom: 16px;\r\n    }\r\n\r\n    #pwgc-balance-error {\r\n        color: red;\r\n        font-weight: 600;\r\n    }\r\n\r\n    #pwgc-balance-message {\r\n        color: blue;\r\n        font-weight: 600;\r\n    }\r\n\r\n    #pwgc-balance-amount-value {\r\n        font-size: 200%;\r\n        font-weight: 600;\r\n        color: #329926;\r\n    }\r\n\r\n    #pwgc-balance-expiration-date-container {\r\n        font-size: 80%;\r\n        color: #999999;\r\n        display: none;\r\n    }\r\n\r\n    #pwgc-balance-number-container {\r\n        text-align: center;\r\n        margin: 32px auto;\r\n    }\r\n\r\n    #pwgc-balance-number {\r\n        width: 300px;\r\n        margin-bottom: 10px;\r\n        display: inline-block;\r\n    }\r\n\r\n    #pwgc-balance-reload, #pwgc-manual-debit {\r\n        display: none;\r\n    }\r\n\r\n    #pwgc-balance-activity {\r\n        margin-top: 24px;\r\n        overflow-x: auto;\r\n    }\r\n\r\n    #pwgc-balance-buttons {\r\n        margin-top: 24px;\r\n    }\r\n\r\n<\/style>\r\n<form id=\"pwgc-balance-form\">\r\n<div id=\"pwgc-balance-container\">\r\n        <div id=\"pwgc-balance-title\">Geschenkkarten Saldo \u00fcberpr\u00fcfen<\/div>\r\n\r\n    <div id=\"pwgc-balance-number-container\">\r\n        <input type=\"text\" id=\"pwgc-balance-number\" name=\"card_number\" autocomplete=\"off\" placeholder=\"Geschenkkartennummer\" value=\"\" required>\r\n        <input type=\"submit\" id=\"pwgc-balance-button\" value=\"Betrag \u00fcberpr\u00fcfen\">\r\n    <\/div>\r\n\r\n    <div id=\"pwgc-balance-error\"><\/div>\r\n    <div id=\"pwgc-balance-message\"><\/div>\r\n    <div id=\"pwgc-balance-amount\"><\/div>\r\n\r\n                <div id=\"pwgc-balance-expiration-date-container\">\r\n                L\u00e4uft ab <span id=\"pwgc-balance-expiration-date\"><\/span>\r\n            <\/div>\r\n                <div id=\"pwgc-balance-buttons\">\r\n                            <input type=\"button\" id=\"pwgc-balance-reload\" data-url=\"https:\/\/upzone.se\/de\/aktivitetskatalog\/upzone-friskvardsbidrag\/\" data-card-number=\"\" value=\"F\u00fcgen Sie mehr Geld zu dieser Geschenkkarte hinzu.\">\r\n                        <\/div>\r\n\r\n    <div id=\"pwgc-balance-activity\"><\/div>\r\n<\/div>\r\n<\/form>\r\n<\/div>\n\t\t\t\t\t\t<\/div>\n\t\t\t\t<\/div>\n\t\t\t\t\t<\/div>\n\t\t\t\t<\/div>\n\t\t\t\t<\/div>\n\t\t","protected":false},"excerpt":{"rendered":"<p>Ge bort ett of\u00f6rgl\u00f6mligt \u00e4ventyr. Ett presentkort p\u00e5 Upzone \u00e4r den perfekta g\u00e5van f\u00f6r den som redan har allt \u2013 utom pirret i magen. V\u00e5ra presentkort g\u00e4ller i alla parker och ger mottagaren friheten att v\u00e4lja sin egen sp\u00e4nnande upplevelse. K\u00f6p ett presentkort Byt gymkortet mot frisk luft. Visste du att du kan anv\u00e4nda ditt [&hellip;]<\/p>\n","protected":false},"author":1,"featured_media":0,"parent":0,"menu_order":0,"comment_status":"closed","ping_status":"closed","template":"","meta":{"_seopress_robots_primary_cat":"","_seopress_titles_title":"Kontrollera presentkortssaldo | Upzone \u00c4ventyrspark","_seopress_titles_desc":"Kontrollera ditt presentkortssaldo hos Upzone snabbt och enkelt. Ange ditt presentkortsnummer och se aktuellt saldo direkt online.","_seopress_robots_index":"","footnotes":""},"class_list":["post-3216","page","type-page","status-publish","hentry"],"_links":{"self":[{"href":"https:\/\/upzone.se\/de\/wp-json\/wp\/v2\/pages\/3216","targetHints":{"allow":["GET"]}}],"collection":[{"href":"https:\/\/upzone.se\/de\/wp-json\/wp\/v2\/pages"}],"about":[{"href":"https:\/\/upzone.se\/de\/wp-json\/wp\/v2\/types\/page"}],"author":[{"embeddable":true,"href":"https:\/\/upzone.se\/de\/wp-json\/wp\/v2\/users\/1"}],"replies":[{"embeddable":true,"href":"https:\/\/upzone.se\/de\/wp-json\/wp\/v2\/comments?post=3216"}],"version-history":[{"count":44,"href":"https:\/\/upzone.se\/de\/wp-json\/wp\/v2\/pages\/3216\/revisions"}],"predecessor-version":[{"id":7173,"href":"https:\/\/upzone.se\/de\/wp-json\/wp\/v2\/pages\/3216\/revisions\/7173"}],"wp:attachment":[{"href":"https:\/\/upzone.se\/de\/wp-json\/wp\/v2\/media?parent=3216"}],"curies":[{"name":"wp","href":"https:\/\/api.w.org\/{rel}","templated":true}]}}